{"id":223,"date":"2021-05-26T08:35:24","date_gmt":"2021-05-26T08:35:24","guid":{"rendered":"https:\/\/reperagelgm.lagrandemotte.com\/?page_id=223"},"modified":"2021-09-13T15:18:48","modified_gmt":"2021-09-13T15:18:48","slug":"services","status":"publish","type":"page","link":"https:\/\/reperagelgm.lagrandemotte.com\/index.php\/services\/","title":{"rendered":"Services"},"content":{"rendered":"\t\t<div data-elementor-type=\"wp-page\" data-elementor-id=\"223\" class=\"elementor elementor-223\">\n\t\t\t\t\t\t<section class=\"elementor-section elementor-top-section elementor-element elementor-element-ec09a67 elementor-section-boxed elementor-section-height-default elementor-section-height-default\" data-id=\"ec09a67\" data-element_type=\"section\" data-e-type=\"section\">\n\t\t\t\t\t\t<div class=\"elementor-container elementor-column-gap-default\">\n\t\t\t\t\t<div class=\"elementor-column elementor-col-50 elementor-top-column elementor-element elementor-element-39645bc\" data-id=\"39645bc\" data-element_type=\"column\" data-e-type=\"column\">\n\t\t\t<div class=\"elementor-widget-wrap elementor-element-populated\">\n\t\t\t\t\t\t<div class=\"elementor-element elementor-element-9521868 elementor-widget elementor-widget-image\" data-id=\"9521868\" data-element_type=\"widget\" data-e-type=\"widget\" data-widget_type=\"image.default\">\n\t\t\t\t<div class=\"elementor-widget-container\">\n\t\t\t\t\t\t\t\t\t\t\t\t\t\t\t<img fetchpriority=\"high\" decoding=\"async\" width=\"1024\" height=\"683\" src=\"https:\/\/reperagelgm.lagrandemotte.com\/wp-content\/uploads\/2021\/09\/scott-graham-OQMZwNd3ThU-unsplash-1024x683.jpg\" class=\"attachment-large size-large wp-image-2450\" alt=\"\" srcset=\"https:\/\/reperagelgm.lagrandemotte.com\/wp-content\/uploads\/2021\/09\/scott-graham-OQMZwNd3ThU-unsplash-1024x683.jpg 1024w, https:\/\/reperagelgm.lagrandemotte.com\/wp-content\/uploads\/2021\/09\/scott-graham-OQMZwNd3ThU-unsplash-300x200.jpg 300w, https:\/\/reperagelgm.lagrandemotte.com\/wp-content\/uploads\/2021\/09\/scott-graham-OQMZwNd3ThU-unsplash-768x513.jpg 768w, https:\/\/reperagelgm.lagrandemotte.com\/wp-content\/uploads\/2021\/09\/scott-graham-OQMZwNd3ThU-unsplash-1536x1025.jpg 1536w, https:\/\/reperagelgm.lagrandemotte.com\/wp-content\/uploads\/2021\/09\/scott-graham-OQMZwNd3ThU-unsplash-2048x1367.jpg 2048w, https:\/\/reperagelgm.lagrandemotte.com\/wp-content\/uploads\/2021\/09\/scott-graham-OQMZwNd3ThU-unsplash-1232x822.jpg 1232w, https:\/\/reperagelgm.lagrandemotte.com\/wp-content\/uploads\/2021\/09\/scott-graham-OQMZwNd3ThU-unsplash-1618x1080.jpg 1618w\" sizes=\"(max-width: 1024px) 100vw, 1024px\" \/>\t\t\t\t\t\t\t\t\t\t\t\t\t\t\t<\/div>\n\t\t\t\t<\/div>\n\t\t\t\t\t<\/div>\n\t\t<\/div>\n\t\t\t\t<div class=\"elementor-column elementor-col-50 elementor-top-column elementor-element elementor-element-5d1ff9e\" data-id=\"5d1ff9e\" data-element_type=\"column\" data-e-type=\"column\">\n\t\t\t<div class=\"elementor-widget-wrap elementor-element-populated\">\n\t\t\t\t\t\t<div class=\"elementor-element elementor-element-5170286 elementor-widget elementor-widget-heading\" data-id=\"5170286\" data-element_type=\"widget\" data-e-type=\"widget\" data-widget_type=\"heading.default\">\n\t\t\t\t<div class=\"elementor-widget-container\">\n\t\t\t\t\t<h2 class=\"elementor-heading-title elementor-size-default\">un contact privil\u00e9gi\u00e9<\/h2>\t\t\t\t<\/div>\n\t\t\t\t<\/div>\n\t\t\t\t<div class=\"elementor-element elementor-element-0e9864c elementor-widget elementor-widget-text-editor\" data-id=\"0e9864c\" data-element_type=\"widget\" data-e-type=\"widget\" data-widget_type=\"text-editor.default\">\n\t\t\t\t<div class=\"elementor-widget-container\">\n\t\t\t\t\t\t\t\t\t<p>un (e) charg\u00e9e de communication pr\u00e9sent afin de\u00a0:<\/p><ul><li>Aider, accueillir et accompagner au mieux le projet, \u00a0<\/li><li>\u00e0 r\u00e9aliser les d\u00e9marches administratives<\/li><li>\u00e0 \u00eatre le relais entre la mairie de La Grande Motte, les diff\u00e9rents professionnels (syndic, agences immobili\u00e8res,\u2026.) et l\u2019agence\u00a0\u00a0\u00a0\u00a0\u00a0\u00a0\u00a0 .\u00a0<\/li><li>pr\u00e9sent (e) aux besoins afin de faciliter, le tournage (ou shooting), \u00a0les acc\u00e8s aux diff\u00e9rents lieux de la ville, r\u00e9pondre aux imp\u00e9ratifs et faciliter les \u00e9changes avec les particuliers et professionnels de La Grande Motte.<\/li><\/ul><p><strong>L\u2019office de tourisme prend en charge \u00e0 prendre en charge les droits ADAGP<\/strong><\/p><p>Contactez directement notre <a href=\"https:\/\/reperagelgm.lagrandemotte.com\/index.php\/contact\/\">Charg\u00e9e de Communication\u00a0<\/a><\/p>\t\t\t\t\t\t\t\t<\/div>\n\t\t\t\t<\/div>\n\t\t\t\t\t<\/div>\n\t\t<\/div>\n\t\t\t\t\t<\/div>\n\t\t<\/section>\n\t\t\t\t<section class=\"elementor-section elementor-top-section elementor-element elementor-element-0deb5d2 elementor-section-full_width elementor-section-height-default elementor-section-height-default\" data-id=\"0deb5d2\" data-element_type=\"section\" data-e-type=\"section\" data-settings=\"{&quot;background_background&quot;:&quot;classic&quot;}\">\n\t\t\t\t\t\t<div class=\"elementor-container elementor-column-gap-default\">\n\t\t\t\t\t<div class=\"elementor-column elementor-col-50 elementor-top-column elementor-element elementor-element-31d761b\" data-id=\"31d761b\" data-element_type=\"column\" data-e-type=\"column\">\n\t\t\t<div class=\"elementor-widget-wrap elementor-element-populated\">\n\t\t\t\t\t\t<div class=\"elementor-element elementor-element-43fa0b5 elementor-widget elementor-widget-spacer\" data-id=\"43fa0b5\" data-element_type=\"widget\" data-e-type=\"widget\" data-widget_type=\"spacer.default\">\n\t\t\t\t<div class=\"elementor-widget-container\">\n\t\t\t\t\t\t\t<div class=\"elementor-spacer\">\n\t\t\t<div class=\"elementor-spacer-inner\"><\/div>\n\t\t<\/div>\n\t\t\t\t\t\t<\/div>\n\t\t\t\t<\/div>\n\t\t\t\t<div class=\"elementor-element elementor-element-80602c0 elementor-widget elementor-widget-heading\" data-id=\"80602c0\" data-element_type=\"widget\" data-e-type=\"widget\" data-widget_type=\"heading.default\">\n\t\t\t\t<div class=\"elementor-widget-container\">\n\t\t\t\t\t<h2 class=\"elementor-heading-title elementor-size-default\">Parkings et stationnements pour accueillir les camions de productions<\/h2>\t\t\t\t<\/div>\n\t\t\t\t<\/div>\n\t\t\t\t<div class=\"elementor-element elementor-element-c93f2bf elementor-widget elementor-widget-text-editor\" data-id=\"c93f2bf\" data-element_type=\"widget\" data-e-type=\"widget\" data-widget_type=\"text-editor.default\">\n\t\t\t\t<div class=\"elementor-widget-container\">\n\t\t\t\t\t\t\t\t\t<p>Essentiel pour la production, le stationnement des camions est un v\u00e9ritable enjeu \u00e0 aborder d\u00e8s les visites de rep\u00e9rage si possible. Par souci d\u2019efficacit\u00e9, de s\u00e9curit\u00e9 et de confort, l\u2019\u00e9quipe de tournage a besoin de stationner ses v\u00e9hicules au plus pr\u00e8s du d\u00e9cor, et id\u00e9alement au sein m\u00eame du lieu de tournage.<\/p><p><span style=\"font-size: 11pt;\">Et de nombreuses autres adresses vers lesquelles nous pourrons vous diriger.<\/span><\/p>\t\t\t\t\t\t\t\t<\/div>\n\t\t\t\t<\/div>\n\t\t\t\t<div class=\"elementor-element elementor-element-6873ac0 elementor-align-right elementor-tablet-align-left elementor-mobile-align-center elementor-widget elementor-widget-button\" data-id=\"6873ac0\" data-element_type=\"widget\" data-e-type=\"widget\" data-widget_type=\"button.default\">\n\t\t\t\t<div class=\"elementor-widget-container\">\n\t\t\t\t\t\t\t\t\t<div class=\"elementor-button-wrapper\">\n\t\t\t\t\t<a class=\"elementor-button elementor-button-link elementor-size-sm\" href=\"https:\/\/reperagelgm.lagrandemotte.com\/index.php\/category\/Parkings\/\">\n\t\t\t\t\t\t<span class=\"elementor-button-content-wrapper\">\n\t\t\t\t\t\t\t\t\t<span class=\"elementor-button-text\">Voir la liste des parkings <\/span>\n\t\t\t\t\t<\/span>\n\t\t\t\t\t<\/a>\n\t\t\t\t<\/div>\n\t\t\t\t\t\t\t\t<\/div>\n\t\t\t\t<\/div>\n\t\t\t\t<div class=\"elementor-element elementor-element-a6c7eef elementor-widget elementor-widget-heading\" data-id=\"a6c7eef\" data-element_type=\"widget\" data-e-type=\"widget\" data-widget_type=\"heading.default\">\n\t\t\t\t<div class=\"elementor-widget-container\">\n\t\t\t\t\t<h2 class=\"elementor-heading-title elementor-size-default\">camps de base<\/h2>\t\t\t\t<\/div>\n\t\t\t\t<\/div>\n\t\t\t\t<div class=\"elementor-element elementor-element-a8354ba elementor-widget elementor-widget-text-editor\" data-id=\"a8354ba\" data-element_type=\"widget\" data-e-type=\"widget\" data-widget_type=\"text-editor.default\">\n\t\t\t\t<div class=\"elementor-widget-container\">\n\t\t\t\t\t\t\t\t\t<p>Trouver des lieux au plus pr\u00e8s pour placer les <strong>camps de base<\/strong> le temps du tournage ou du shooting.<\/p><p>La commune devra \u00e9mettre un arr\u00eat\u00e9 autorisant le stationnement en pr\u00e9cisant les voies concern\u00e9es et les heures.\u00a0<\/p>\t\t\t\t\t\t\t\t<\/div>\n\t\t\t\t<\/div>\n\t\t\t\t\t<\/div>\n\t\t<\/div>\n\t\t\t\t<div class=\"elementor-column elementor-col-50 elementor-top-column elementor-element elementor-element-8a254f8\" data-id=\"8a254f8\" data-element_type=\"column\" data-e-type=\"column\">\n\t\t\t<div class=\"elementor-widget-wrap elementor-element-populated\">\n\t\t\t\t\t\t<div class=\"elementor-element elementor-element-2306b4c elementor-widget elementor-widget-image\" data-id=\"2306b4c\" data-element_type=\"widget\" data-e-type=\"widget\" data-widget_type=\"image.default\">\n\t\t\t\t<div class=\"elementor-widget-container\">\n\t\t\t\t\t\t\t\t\t\t\t\t\t\t\t<img decoding=\"async\" src=\"https:\/\/reperagelgm.lagrandemotte.com\/wp-content\/uploads\/elementor\/thumbs\/etienne-girardet-ljwaOSAl1fQ-unsplash-scaled-pcrbr0j8htt049prshdljzmyi3t1sw65xydu7hpcp4.jpg\" title=\"etienne-girardet-ljwaOSAl1fQ-unsplash\" alt=\"etienne-girardet-ljwaOSAl1fQ-unsplash\" loading=\"lazy\" \/>\t\t\t\t\t\t\t\t\t\t\t\t\t\t\t<\/div>\n\t\t\t\t<\/div>\n\t\t\t\t\t<\/div>\n\t\t<\/div>\n\t\t\t\t\t<\/div>\n\t\t<\/section>\n\t\t\t\t<section class=\"elementor-section elementor-top-section elementor-element elementor-element-4028b8f elementor-section-boxed elementor-section-height-default elementor-section-height-default\" data-id=\"4028b8f\" data-element_type=\"section\" data-e-type=\"section\">\n\t\t\t\t\t\t<div class=\"elementor-container elementor-column-gap-default\">\n\t\t\t\t\t<div class=\"elementor-column elementor-col-50 elementor-top-column elementor-element elementor-element-e85bc8f\" data-id=\"e85bc8f\" data-element_type=\"column\" data-e-type=\"column\">\n\t\t\t<div class=\"elementor-widget-wrap elementor-element-populated\">\n\t\t\t\t\t\t<div class=\"elementor-element elementor-element-b0e1b08 elementor-widget elementor-widget-image\" data-id=\"b0e1b08\" data-element_type=\"widget\" data-e-type=\"widget\" data-widget_type=\"image.default\">\n\t\t\t\t<div class=\"elementor-widget-container\">\n\t\t\t\t\t\t\t\t\t\t\t\t\t\t\t\t<a href=\"https:\/\/reperagelgm.lagrandemotte.com\/index.php\/category\/bureaux\/\">\n\t\t\t\t\t\t\t<img decoding=\"async\" src=\"https:\/\/reperagelgm.lagrandemotte.com\/wp-content\/uploads\/elementor\/thumbs\/BU.SA1-Salle-1-4-scaled-pcr8es0fntsyvc5bnaub2tf46df0ypujni1sqi67a0.jpg\" title=\"#BU.SA1 &#8211; Salle 1 (4)\" alt=\"#BU.SA1 - Salle 1 (4)\" loading=\"lazy\" \/>\t\t\t\t\t\t\t\t<\/a>\n\t\t\t\t\t\t\t\t\t\t\t\t\t\t\t<\/div>\n\t\t\t\t<\/div>\n\t\t\t\t\t<\/div>\n\t\t<\/div>\n\t\t\t\t<div class=\"elementor-column elementor-col-50 elementor-top-column elementor-element elementor-element-a485de1\" data-id=\"a485de1\" data-element_type=\"column\" data-e-type=\"column\">\n\t\t\t<div class=\"elementor-widget-wrap elementor-element-populated\">\n\t\t\t\t\t\t<div class=\"elementor-element elementor-element-907f542 elementor-widget elementor-widget-spacer\" data-id=\"907f542\" data-element_type=\"widget\" data-e-type=\"widget\" data-widget_type=\"spacer.default\">\n\t\t\t\t<div class=\"elementor-widget-container\">\n\t\t\t\t\t\t\t<div class=\"elementor-spacer\">\n\t\t\t<div class=\"elementor-spacer-inner\"><\/div>\n\t\t<\/div>\n\t\t\t\t\t\t<\/div>\n\t\t\t\t<\/div>\n\t\t\t\t<div class=\"elementor-element elementor-element-534f503 elementor-widget elementor-widget-heading\" data-id=\"534f503\" data-element_type=\"widget\" data-e-type=\"widget\" data-widget_type=\"heading.default\">\n\t\t\t\t<div class=\"elementor-widget-container\">\n\t\t\t\t\t<h2 class=\"elementor-heading-title elementor-size-default\"><a href=\"https:\/\/reperagelgm.lagrandemotte.com\/index.php\/category\/bureaux\/\">Des bureaux pour la productions et pour les d\u00e9cors<\/a><\/h2>\t\t\t\t<\/div>\n\t\t\t\t<\/div>\n\t\t\t\t<div class=\"elementor-element elementor-element-1aefb9d elementor-widget elementor-widget-text-editor\" data-id=\"1aefb9d\" data-element_type=\"widget\" data-e-type=\"widget\" data-widget_type=\"text-editor.default\">\n\t\t\t\t<div class=\"elementor-widget-container\">\n\t\t\t\t\t\t\t\t\t<p>Les \u00e9quipes ont besoin d\u2019espaces techniques pour la pr\u00e9paration puis le tournage,\u00a0 des ateliers pour fabriquer, stocker d\u00e9cors et costumes, des loges pour les com\u00e9diens et figurants, des bureaux pour l\u2019\u00e9quipe de production\u2026\u00a0<\/p>\t\t\t\t\t\t\t\t<\/div>\n\t\t\t\t<\/div>\n\t\t\t\t<div class=\"elementor-element elementor-element-8319213 elementor-align-left elementor-mobile-align-center elementor-widget elementor-widget-button\" data-id=\"8319213\" data-element_type=\"widget\" data-e-type=\"widget\" data-widget_type=\"button.default\">\n\t\t\t\t<div class=\"elementor-widget-container\">\n\t\t\t\t\t\t\t\t\t<div class=\"elementor-button-wrapper\">\n\t\t\t\t\t<a class=\"elementor-button elementor-button-link elementor-size-sm\" href=\"https:\/\/reperagelgm.lagrandemotte.com\/index.php\/category\/bureaux\/\">\n\t\t\t\t\t\t<span class=\"elementor-button-content-wrapper\">\n\t\t\t\t\t\t\t\t\t<span class=\"elementor-button-text\">Voir la liste des bureaux<\/span>\n\t\t\t\t\t<\/span>\n\t\t\t\t\t<\/a>\n\t\t\t\t<\/div>\n\t\t\t\t\t\t\t\t<\/div>\n\t\t\t\t<\/div>\n\t\t\t\t\t<\/div>\n\t\t<\/div>\n\t\t\t\t\t<\/div>\n\t\t<\/section>\n\t\t\t\t<section class=\"elementor-section elementor-top-section elementor-element elementor-element-01f7086 elementor-section-full_width elementor-section-height-default elementor-section-height-default\" data-id=\"01f7086\" data-element_type=\"section\" data-e-type=\"section\" data-settings=\"{&quot;background_background&quot;:&quot;classic&quot;}\">\n\t\t\t\t\t\t<div class=\"elementor-container elementor-column-gap-default\">\n\t\t\t\t\t<div class=\"elementor-column elementor-col-50 elementor-top-column elementor-element elementor-element-3636f7b\" data-id=\"3636f7b\" data-element_type=\"column\" data-e-type=\"column\">\n\t\t\t<div class=\"elementor-widget-wrap elementor-element-populated\">\n\t\t\t\t\t\t<div class=\"elementor-element elementor-element-294b203 elementor-widget elementor-widget-spacer\" data-id=\"294b203\" data-element_type=\"widget\" data-e-type=\"widget\" data-widget_type=\"spacer.default\">\n\t\t\t\t<div class=\"elementor-widget-container\">\n\t\t\t\t\t\t\t<div class=\"elementor-spacer\">\n\t\t\t<div class=\"elementor-spacer-inner\"><\/div>\n\t\t<\/div>\n\t\t\t\t\t\t<\/div>\n\t\t\t\t<\/div>\n\t\t\t\t<div class=\"elementor-element elementor-element-5977ea8 elementor-widget elementor-widget-heading\" data-id=\"5977ea8\" data-element_type=\"widget\" data-e-type=\"widget\" data-widget_type=\"heading.default\">\n\t\t\t\t<div class=\"elementor-widget-container\">\n\t\t\t\t\t<h2 class=\"elementor-heading-title elementor-size-default\">AIDE POUR TROUVER DES LOGEMENTS\u200b et des Restaurants<\/h2>\t\t\t\t<\/div>\n\t\t\t\t<\/div>\n\t\t\t\t<div class=\"elementor-element elementor-element-fed1171 elementor-widget elementor-widget-text-editor\" data-id=\"fed1171\" data-element_type=\"widget\" data-e-type=\"widget\" data-widget_type=\"text-editor.default\">\n\t\t\t\t<div class=\"elementor-widget-container\">\n\t\t\t\t\t\t\t\t\t<p>Pour l\u2019h\u00e9bergement des \u00e9quipes, la production aura donc besoin de trouver des solutions au plus pr\u00e8s du camp de base du tournage, l\u00e0 o\u00f9 l\u2019essentiel du film se tourne, ou parfois au plus pr\u00e8s de d\u00e9cors sp\u00e9cifiques utilis\u00e9s plus bri\u00e8vement.<\/p><section style=\"float: left;\"><p><span style=\"font-size: 11.0pt;\">Et de nombreuses autres adresses vers lesquelles nous pourrons vous diriger.<\/span><\/p><p><strong>Pour tout renseignement ou pour r\u00e9server,<\/strong><br \/>contactez directement notre <a href=\"https:\/\/reperagelgm.lagrandemotte.com\/index.php\/contact\/\">Charg\u00e9e de Communication\u00a0<\/a><\/p><\/section><aside style=\"float: right;\"><section><div><div dir=\"ltr\" lang=\"fr-FR\" role=\"form\">\u00a0<\/div><\/div><\/section><\/aside>\t\t\t\t\t\t\t\t<\/div>\n\t\t\t\t<\/div>\n\t\t\t\t\t<\/div>\n\t\t<\/div>\n\t\t\t\t<div class=\"elementor-column elementor-col-50 elementor-top-column elementor-element elementor-element-9889794\" data-id=\"9889794\" data-element_type=\"column\" data-e-type=\"column\">\n\t\t\t<div class=\"elementor-widget-wrap elementor-element-populated\">\n\t\t\t\t\t\t<div class=\"elementor-element elementor-element-c87d012 elementor-widget elementor-widget-image\" data-id=\"c87d012\" data-element_type=\"widget\" data-e-type=\"widget\" data-widget_type=\"image.default\">\n\t\t\t\t<div class=\"elementor-widget-container\">\n\t\t\t\t\t\t\t\t\t\t\t\t\t\t\t<img decoding=\"async\" src=\"https:\/\/reperagelgm.lagrandemotte.com\/wp-content\/uploads\/elementor\/thumbs\/HO.COR-site-internet-1-pac9xevme05sza1vl8r2ym3g49e50uzmoxmms4wgzm.jpg\" title=\"#HO.COR &#8211; Corallines Thalasso &#038; h\u00f4tel\" alt=\"#HO.COR - Corallines Thalasso &amp; h\u00f4tel\" loading=\"lazy\" \/>\t\t\t\t\t\t\t\t\t\t\t\t\t\t\t<\/div>\n\t\t\t\t<\/div>\n\t\t\t\t\t<\/div>\n\t\t<\/div>\n\t\t\t\t\t<\/div>\n\t\t<\/section>\n\t\t\t\t<\/div>\n\t\t","protected":false},"excerpt":{"rendered":"<p>un contact privil\u00e9gi\u00e9 un (e) charg\u00e9e de communication pr\u00e9sent afin de\u00a0: Aider, accueillir et accompagner au mieux le projet, \u00a0 \u00e0 r\u00e9aliser les d\u00e9marches administratives \u00e0 \u00eatre le relais entre la mairie de La Grande Motte, les diff\u00e9rents professionnels (syndic, agences immobili\u00e8res,\u2026.) et l\u2019agence\u00a0\u00a0\u00a0\u00a0\u00a0\u00a0\u00a0 .\u00a0 pr\u00e9sent (e) aux besoins afin de faciliter, le tournage (ou&nbsp;&hellip;<\/p>\n","protected":false},"author":2,"featured_media":0,"parent":0,"menu_order":0,"comment_status":"closed","ping_status":"closed","template":"","meta":{"footnotes":""},"class_list":["post-223","page","type-page","status-publish","hentry"],"_links":{"self":[{"href":"https:\/\/reperagelgm.lagrandemotte.com\/index.php\/wp-json\/wp\/v2\/pages\/223","targetHints":{"allow":["GET"]}}],"collection":[{"href":"https:\/\/reperagelgm.lagrandemotte.com\/index.php\/wp-json\/wp\/v2\/pages"}],"about":[{"href":"https:\/\/reperagelgm.lagrandemotte.com\/index.php\/wp-json\/wp\/v2\/types\/page"}],"author":[{"embeddable":true,"href":"https:\/\/reperagelgm.lagrandemotte.com\/index.php\/wp-json\/wp\/v2\/users\/2"}],"replies":[{"embeddable":true,"href":"https:\/\/reperagelgm.lagrandemotte.com\/index.php\/wp-json\/wp\/v2\/comments?post=223"}],"version-history":[{"count":166,"href":"https:\/\/reperagelgm.lagrandemotte.com\/index.php\/wp-json\/wp\/v2\/pages\/223\/revisions"}],"predecessor-version":[{"id":2772,"href":"https:\/\/reperagelgm.lagrandemotte.com\/index.php\/wp-json\/wp\/v2\/pages\/223\/revisions\/2772"}],"wp:attachment":[{"href":"https:\/\/reperagelgm.lagrandemotte.com\/index.php\/wp-json\/wp\/v2\/media?parent=223"}],"curies":[{"name":"wp","href":"https:\/\/api.w.org\/{rel}","templated":true}]}}