{"id":25,"date":"2021-05-20T09:28:55","date_gmt":"2021-05-20T09:28:55","guid":{"rendered":"https:\/\/reperagelgm.lagrandemotte.com\/?page_id=25"},"modified":"2021-11-26T09:00:58","modified_gmt":"2021-11-26T09:00:58","slug":"accueil","status":"publish","type":"page","link":"https:\/\/reperagelgm.lagrandemotte.com\/","title":{"rendered":"Accueil"},"content":{"rendered":"\t\t<div data-elementor-type=\"wp-page\" data-elementor-id=\"25\" class=\"elementor elementor-25\">\n\t\t\t\t\t\t<section class=\"elementor-section elementor-top-section elementor-element elementor-element-8cd519b elementor-section-boxed elementor-section-height-default elementor-section-height-default\" data-id=\"8cd519b\" data-element_type=\"section\" data-e-type=\"section\">\n\t\t\t\t\t\t<div class=\"elementor-container elementor-column-gap-default\">\n\t\t\t\t\t<div class=\"elementor-column elementor-col-25 elementor-top-column elementor-element elementor-element-dc8aeb3\" data-id=\"dc8aeb3\" data-element_type=\"column\" data-e-type=\"column\">\n\t\t\t<div class=\"elementor-widget-wrap elementor-element-populated\">\n\t\t\t\t\t\t<div class=\"elementor-element elementor-element-d24c5ae elementor-position-inline-start elementor-view-default elementor-mobile-position-block-start elementor-widget elementor-widget-icon-box\" data-id=\"d24c5ae\" data-element_type=\"widget\" data-e-type=\"widget\" data-widget_type=\"icon-box.default\">\n\t\t\t\t<div class=\"elementor-widget-container\">\n\t\t\t\t\t\t\t<div class=\"elementor-icon-box-wrapper\">\n\n\t\t\t\t\t\t<div class=\"elementor-icon-box-icon\">\n\t\t\t\t<a href=\"https:\/\/reperagelgm.lagrandemotte.com\/index.php\/category\/interieur\" class=\"elementor-icon elementor-animation-float\" tabindex=\"-1\" aria-label=\"&lt;h4 style=&quot; white-space: normal;&quot;&gt;INT\u00c9RIEUR&lt;\/h4&gt;\">\n\t\t\t\t<i aria-hidden=\"true\" class=\"fas fa-hotel\"><\/i>\t\t\t\t<\/a>\n\t\t\t<\/div>\n\t\t\t\n\t\t\t\t\t\t<div class=\"elementor-icon-box-content\">\n\n\t\t\t\t\t\t\t\t\t<h3 class=\"elementor-icon-box-title\">\n\t\t\t\t\t\t<a href=\"https:\/\/reperagelgm.lagrandemotte.com\/index.php\/category\/interieur\" >\n\t\t\t\t\t\t\t<h4 style=\"white-space: normal\">INT\u00c9RIEUR<\/h4>\t\t\t\t\t\t<\/a>\n\t\t\t\t\t<\/h3>\n\t\t\t\t\n\t\t\t\t\t\t\t\t\t<p class=\"elementor-icon-box-description\">\n\t\t\t\t\t\tHalls, h\u00f4tels, les vues des terrasses et les toits d\u2019immeubles, ...   \n\n<a href=\"https:\/\/reperagelgm.lagrandemotte.com\/index.php\/category\/interieur\"> Voir plus<\/a>\t\t\t\t\t<\/p>\n\t\t\t\t\n\t\t\t<\/div>\n\t\t\t\n\t\t<\/div>\n\t\t\t\t\t\t<\/div>\n\t\t\t\t<\/div>\n\t\t\t\t\t<\/div>\n\t\t<\/div>\n\t\t\t\t<div class=\"elementor-column elementor-col-25 elementor-top-column elementor-element elementor-element-220310e\" data-id=\"220310e\" data-element_type=\"column\" data-e-type=\"column\">\n\t\t\t<div class=\"elementor-widget-wrap elementor-element-populated\">\n\t\t\t\t\t\t<div class=\"elementor-element elementor-element-0cc45dc elementor-position-inline-start elementor-view-default elementor-mobile-position-block-start elementor-widget elementor-widget-icon-box\" data-id=\"0cc45dc\" data-element_type=\"widget\" data-e-type=\"widget\" data-widget_type=\"icon-box.default\">\n\t\t\t\t<div class=\"elementor-widget-container\">\n\t\t\t\t\t\t\t<div class=\"elementor-icon-box-wrapper\">\n\n\t\t\t\t\t\t<div class=\"elementor-icon-box-icon\">\n\t\t\t\t<a href=\"https:\/\/reperagelgm.lagrandemotte.com\/index.php\/category\/exterieur\" class=\"elementor-icon elementor-animation-bob\" tabindex=\"-1\" aria-label=\"&lt;h4 style=&quot; white-space: normal;&quot;&gt;EXT\u00c9RIEUR&lt;\/h4&gt;\">\n\t\t\t\t<i aria-hidden=\"true\" class=\"far fa-building\"><\/i>\t\t\t\t<\/a>\n\t\t\t<\/div>\n\t\t\t\n\t\t\t\t\t\t<div class=\"elementor-icon-box-content\">\n\n\t\t\t\t\t\t\t\t\t<h3 class=\"elementor-icon-box-title\">\n\t\t\t\t\t\t<a href=\"https:\/\/reperagelgm.lagrandemotte.com\/index.php\/category\/exterieur\" >\n\t\t\t\t\t\t\t<h4 style=\"white-space: normal\">EXT\u00c9RIEUR<\/h4>\t\t\t\t\t\t<\/a>\n\t\t\t\t\t<\/h3>\n\t\t\t\t\n\t\t\t\t\t\t\t\t\t<p class=\"elementor-icon-box-description\">\n\t\t\t\t\t\tB\u00e2timents, \u00e9l\u00e9ments d\u2019archi, mobiliers urbains, places, rues\n\n<a href=\"https:\/\/reperagelgm.lagrandemotte.com\/index.php\/category\/exterieur\"> Voir plus<\/a>\t\t\t\t\t<\/p>\n\t\t\t\t\n\t\t\t<\/div>\n\t\t\t\n\t\t<\/div>\n\t\t\t\t\t\t<\/div>\n\t\t\t\t<\/div>\n\t\t\t\t\t<\/div>\n\t\t<\/div>\n\t\t\t\t<div class=\"elementor-column elementor-col-25 elementor-top-column elementor-element elementor-element-878d50f\" data-id=\"878d50f\" data-element_type=\"column\" data-e-type=\"column\">\n\t\t\t<div class=\"elementor-widget-wrap elementor-element-populated\">\n\t\t\t\t\t\t<div class=\"elementor-element elementor-element-147026c elementor-position-inline-start elementor-view-default elementor-mobile-position-block-start elementor-widget elementor-widget-icon-box\" data-id=\"147026c\" data-element_type=\"widget\" data-e-type=\"widget\" data-widget_type=\"icon-box.default\">\n\t\t\t\t<div class=\"elementor-widget-container\">\n\t\t\t\t\t\t\t<div class=\"elementor-icon-box-wrapper\">\n\n\t\t\t\t\t\t<div class=\"elementor-icon-box-icon\">\n\t\t\t\t<a href=\"https:\/\/reperagelgm.lagrandemotte.com\/index.php\/category\/espaces.naturels\/\" class=\"elementor-icon elementor-animation-float\" tabindex=\"-1\" aria-label=\"&lt;H style=&quot; white-space: normal;&quot;&gt;ESPACES NATURELS&lt;\/h4&gt;\">\n\t\t\t\t<i aria-hidden=\"true\" class=\"fab fa-envira\"><\/i>\t\t\t\t<\/a>\n\t\t\t<\/div>\n\t\t\t\n\t\t\t\t\t\t<div class=\"elementor-icon-box-content\">\n\n\t\t\t\t\t\t\t\t\t<h3 class=\"elementor-icon-box-title\">\n\t\t\t\t\t\t<a href=\"https:\/\/reperagelgm.lagrandemotte.com\/index.php\/category\/espaces.naturels\/\" >\n\t\t\t\t\t\t\tESPACES NATURELS<\/h4>\t\t\t\t\t\t<\/a>\n\t\t\t\t\t<\/h3>\n\t\t\t\t\n\t\t\t\t\t\t\t\t\t<p class=\"elementor-icon-box-description\">\n\t\t\t\t\t\tD\u00e9couvrez nos Jardins, Plages, Espaces vert et Piscines, ...\n\n<\/p>\n <a href=\"https:\/\/reperagelgm.lagrandemotte.com\/index.php\/category\/espaces.naturels\/\"> Voir plus<\/a>\t\t\t\t\t<\/p>\n\t\t\t\t\n\t\t\t<\/div>\n\t\t\t\n\t\t<\/div>\n\t\t\t\t\t\t<\/div>\n\t\t\t\t<\/div>\n\t\t\t\t\t<\/div>\n\t\t<\/div>\n\t\t\t\t<div class=\"elementor-column elementor-col-25 elementor-top-column elementor-element elementor-element-4f0402b\" data-id=\"4f0402b\" data-element_type=\"column\" data-e-type=\"column\">\n\t\t\t<div class=\"elementor-widget-wrap elementor-element-populated\">\n\t\t\t\t\t\t<div class=\"elementor-element elementor-element-a08b0f8 elementor-widget elementor-widget-wp-widget-search\" data-id=\"a08b0f8\" data-element_type=\"widget\" data-e-type=\"widget\" data-widget_type=\"wp-widget-search.default\">\n\t\t\t\t<div class=\"elementor-widget-container\">\n\t\t\t\t\t<h5>Trouver une r\u00e9f\u00e9rence ou un d\u00e9cor<\/h5><form role=\"search\" method=\"get\" class=\"search-form\" action=\"https:\/\/reperagelgm.lagrandemotte.com\/\">\n    <div class=\"mdc-text-field\">\n\t\t<input  type=\"text\" id=\"s\" class=\"search-field mdc-text-field__input\" name=\"s\" value=\"\">\n        <label class=\"mdc-floating-label\" for=\"s\">Recherche pour :<\/label>\n        <div class=\"mdc-line-ripple\"><\/div>\n    <\/div>\n<\/form>\n\t\t\t\t<\/div>\n\t\t\t\t<\/div>\n\t\t\t\t\t<\/div>\n\t\t<\/div>\n\t\t\t\t\t<\/div>\n\t\t<\/section>\n\t\t\t\t<section class=\"elementor-section elementor-top-section elementor-element elementor-element-7570025 elementor-section-full_width elementor-section-height-default elementor-section-height-default\" data-id=\"7570025\" data-element_type=\"section\" data-e-type=\"section\">\n\t\t\t\t\t\t<div class=\"elementor-container elementor-column-gap-default\">\n\t\t\t\t\t<div class=\"elementor-column elementor-col-100 elementor-top-column elementor-element elementor-element-2358789\" data-id=\"2358789\" data-element_type=\"column\" data-e-type=\"column\">\n\t\t\t<div class=\"elementor-widget-wrap elementor-element-populated\">\n\t\t\t\t\t\t<div class=\"elementor-element elementor-element-b0f25fc elementor-widget elementor-widget-spacer\" data-id=\"b0f25fc\" data-element_type=\"widget\" data-e-type=\"widget\" data-widget_type=\"spacer.default\">\n\t\t\t\t<div class=\"elementor-widget-container\">\n\t\t\t\t\t\t\t<div class=\"elementor-spacer\">\n\t\t\t<div class=\"elementor-spacer-inner\"><\/div>\n\t\t<\/div>\n\t\t\t\t\t\t<\/div>\n\t\t\t\t<\/div>\n\t\t\t\t\t<\/div>\n\t\t<\/div>\n\t\t\t\t\t<\/div>\n\t\t<\/section>\n\t\t\t\t<section class=\"elementor-section elementor-top-section elementor-element elementor-element-b408c1b elementor-section-boxed elementor-section-height-default elementor-section-height-default\" data-id=\"b408c1b\" data-element_type=\"section\" data-e-type=\"section\" data-settings=\"{&quot;background_background&quot;:&quot;classic&quot;}\">\n\t\t\t\t\t\t<div class=\"elementor-container elementor-column-gap-default\">\n\t\t\t\t\t<div class=\"elementor-column elementor-col-50 elementor-top-column elementor-element elementor-element-258880a\" data-id=\"258880a\" data-element_type=\"column\" data-e-type=\"column\">\n\t\t\t<div class=\"elementor-widget-wrap elementor-element-populated\">\n\t\t\t\t\t\t<div class=\"elementor-element elementor-element-9028945 elementor-widget elementor-widget-spacer\" data-id=\"9028945\" data-element_type=\"widget\" data-e-type=\"widget\" data-widget_type=\"spacer.default\">\n\t\t\t\t<div class=\"elementor-widget-container\">\n\t\t\t\t\t\t\t<div class=\"elementor-spacer\">\n\t\t\t<div class=\"elementor-spacer-inner\"><\/div>\n\t\t<\/div>\n\t\t\t\t\t\t<\/div>\n\t\t\t\t<\/div>\n\t\t\t\t<div class=\"elementor-element elementor-element-01b7e98 elementor-widget elementor-widget-heading\" data-id=\"01b7e98\" data-element_type=\"widget\" data-e-type=\"widget\" data-widget_type=\"heading.default\">\n\t\t\t\t<div class=\"elementor-widget-container\">\n\t\t\t\t\t<h2 class=\"elementor-heading-title elementor-size-default\">Notre catalogue<\/h2>\t\t\t\t<\/div>\n\t\t\t\t<\/div>\n\t\t\t\t<div class=\"elementor-element elementor-element-0942c14 elementor-widget elementor-widget-text-editor\" data-id=\"0942c14\" data-element_type=\"widget\" data-e-type=\"widget\" data-widget_type=\"text-editor.default\">\n\t\t\t\t<div class=\"elementor-widget-container\">\n\t\t\t\t\t\t\t\t\t<p>D\u00e9couvrez notre <strong>catalogue t\u00e9l\u00e9chargeable<\/strong> en PDF<\/p><p>Con\u00e7u pour vous permettre de visualiser le ou les lieux parfaits pour vos shootings et tournages \u00e0 la <a href=\"https:\/\/www.lagrandemotte.com\/\">Grande Motte<\/a>.<\/p><p>Comme notre gamme de lieux \u00e9volue et le <strong>catalogue<\/strong><strong> est mis \u00e0 jour en permanence<\/strong><\/p>\t\t\t\t\t\t\t\t<\/div>\n\t\t\t\t<\/div>\n\t\t\t\t<div class=\"elementor-element elementor-element-9bd9b95 elementor-align-center elementor-widget elementor-widget-button\" data-id=\"9bd9b95\" data-element_type=\"widget\" data-e-type=\"widget\" data-widget_type=\"button.default\">\n\t\t\t\t<div class=\"elementor-widget-container\">\n\t\t\t\t\t\t\t\t\t<div class=\"elementor-button-wrapper\">\n\t\t\t\t\t<a class=\"elementor-button elementor-button-link elementor-size-md\" href=\"https:\/\/reperagelgm.lagrandemotte.com\/wp-content\/uploads\/2021\/07\/catalogue-Office-de-Tourisme-LGM.pdf\" target=\"_blank\">\n\t\t\t\t\t\t<span class=\"elementor-button-content-wrapper\">\n\t\t\t\t\t\t\t\t\t<span class=\"elementor-button-text\">T\u00e9l\u00e9charger le PDF<\/span>\n\t\t\t\t\t<\/span>\n\t\t\t\t\t<\/a>\n\t\t\t\t<\/div>\n\t\t\t\t\t\t\t\t<\/div>\n\t\t\t\t<\/div>\n\t\t\t\t\t<\/div>\n\t\t<\/div>\n\t\t\t\t<div class=\"elementor-column elementor-col-50 elementor-top-column elementor-element elementor-element-41ec55a\" data-id=\"41ec55a\" data-element_type=\"column\" data-e-type=\"column\">\n\t\t\t<div class=\"elementor-widget-wrap elementor-element-populated\">\n\t\t\t\t\t\t<div class=\"elementor-element elementor-element-608c63e elementor-widget elementor-widget-image\" data-id=\"608c63e\" data-element_type=\"widget\" data-e-type=\"widget\" data-widget_type=\"image.default\">\n\t\t\t\t<div class=\"elementor-widget-container\">\n\t\t\t\t\t\t\t\t\t\t\t\t\t\t\t<img fetchpriority=\"high\" decoding=\"async\" width=\"1024\" height=\"768\" src=\"https:\/\/reperagelgm.lagrandemotte.com\/wp-content\/uploads\/2021\/06\/B.ACA-_-maguelone-14-1024x768.jpg\" class=\"attachment-large size-large wp-image-957\" alt=\"\" srcset=\"https:\/\/reperagelgm.lagrandemotte.com\/wp-content\/uploads\/2021\/06\/B.ACA-_-maguelone-14-1024x768.jpg 1024w, https:\/\/reperagelgm.lagrandemotte.com\/wp-content\/uploads\/2021\/06\/B.ACA-_-maguelone-14-300x225.jpg 300w, https:\/\/reperagelgm.lagrandemotte.com\/wp-content\/uploads\/2021\/06\/B.ACA-_-maguelone-14-768x576.jpg 768w, https:\/\/reperagelgm.lagrandemotte.com\/wp-content\/uploads\/2021\/06\/B.ACA-_-maguelone-14-1536x1152.jpg 1536w, https:\/\/reperagelgm.lagrandemotte.com\/wp-content\/uploads\/2021\/06\/B.ACA-_-maguelone-14-2048x1536.jpg 2048w, https:\/\/reperagelgm.lagrandemotte.com\/wp-content\/uploads\/2021\/06\/B.ACA-_-maguelone-14-1232x924.jpg 1232w, https:\/\/reperagelgm.lagrandemotte.com\/wp-content\/uploads\/2021\/06\/B.ACA-_-maguelone-14-1440x1080.jpg 1440w\" sizes=\"(max-width: 1024px) 100vw, 1024px\" \/>\t\t\t\t\t\t\t\t\t\t\t\t\t\t\t<\/div>\n\t\t\t\t<\/div>\n\t\t\t\t\t<\/div>\n\t\t<\/div>\n\t\t\t\t\t<\/div>\n\t\t<\/section>\n\t\t\t\t<section class=\"elementor-section elementor-top-section elementor-element elementor-element-67eda07 elementor-section-boxed elementor-section-height-default elementor-section-height-default\" data-id=\"67eda07\" data-element_type=\"section\" data-e-type=\"section\">\n\t\t\t\t\t\t<div class=\"elementor-container elementor-column-gap-default\">\n\t\t\t\t\t<div class=\"elementor-column elementor-col-50 elementor-top-column elementor-element elementor-element-ce1eea2\" data-id=\"ce1eea2\" data-element_type=\"column\" data-e-type=\"column\">\n\t\t\t<div class=\"elementor-widget-wrap elementor-element-populated\">\n\t\t\t\t\t\t<div class=\"elementor-element elementor-element-1bdd160 elementor-widget elementor-widget-image\" data-id=\"1bdd160\" data-element_type=\"widget\" data-e-type=\"widget\" data-widget_type=\"image.default\">\n\t\t\t\t<div class=\"elementor-widget-container\">\n\t\t\t\t\t\t\t\t\t\t\t\t\t\t\t<img decoding=\"async\" width=\"1024\" height=\"768\" src=\"https:\/\/reperagelgm.lagrandemotte.com\/wp-content\/uploads\/2021\/05\/VU.POS-_-OT-LGM-ZANZI-1-1024x768.jpg\" class=\"attachment-large size-large wp-image-774\" alt=\"#B.POS - toit du Pos\u00e9\u00efdon\" srcset=\"https:\/\/reperagelgm.lagrandemotte.com\/wp-content\/uploads\/2021\/05\/VU.POS-_-OT-LGM-ZANZI-1-1024x768.jpg 1024w, https:\/\/reperagelgm.lagrandemotte.com\/wp-content\/uploads\/2021\/05\/VU.POS-_-OT-LGM-ZANZI-1-300x225.jpg 300w, https:\/\/reperagelgm.lagrandemotte.com\/wp-content\/uploads\/2021\/05\/VU.POS-_-OT-LGM-ZANZI-1-768x576.jpg 768w, https:\/\/reperagelgm.lagrandemotte.com\/wp-content\/uploads\/2021\/05\/VU.POS-_-OT-LGM-ZANZI-1-1536x1152.jpg 1536w, https:\/\/reperagelgm.lagrandemotte.com\/wp-content\/uploads\/2021\/05\/VU.POS-_-OT-LGM-ZANZI-1-2048x1536.jpg 2048w, https:\/\/reperagelgm.lagrandemotte.com\/wp-content\/uploads\/2021\/05\/VU.POS-_-OT-LGM-ZANZI-1-1232x924.jpg 1232w, https:\/\/reperagelgm.lagrandemotte.com\/wp-content\/uploads\/2021\/05\/VU.POS-_-OT-LGM-ZANZI-1-1440x1080.jpg 1440w\" sizes=\"(max-width: 1024px) 100vw, 1024px\" \/>\t\t\t\t\t\t\t\t\t\t\t\t\t\t\t<\/div>\n\t\t\t\t<\/div>\n\t\t\t\t\t<\/div>\n\t\t<\/div>\n\t\t\t\t<div class=\"elementor-column elementor-col-50 elementor-top-column elementor-element elementor-element-8e3cd64\" data-id=\"8e3cd64\" data-element_type=\"column\" data-e-type=\"column\">\n\t\t\t<div class=\"elementor-widget-wrap elementor-element-populated\">\n\t\t\t\t\t\t<div class=\"elementor-element elementor-element-4b467af elementor-widget elementor-widget-heading\" data-id=\"4b467af\" data-element_type=\"widget\" data-e-type=\"widget\" data-widget_type=\"heading.default\">\n\t\t\t\t<div class=\"elementor-widget-container\">\n\t\t\t\t\t<h2 class=\"elementor-heading-title elementor-size-default\">Nous vous aidons <\/p> \u00e0 r\u00e9aliser votre projet<\/h2>\t\t\t\t<\/div>\n\t\t\t\t<\/div>\n\t\t\t\t<div class=\"elementor-element elementor-element-5c24e91 elementor-widget elementor-widget-text-editor\" data-id=\"5c24e91\" data-element_type=\"widget\" data-e-type=\"widget\" data-widget_type=\"text-editor.default\">\n\t\t\t\t<div class=\"elementor-widget-container\">\n\t\t\t\t\t\t\t\t\t<p>Afin d\u2019accueil des tournages et les shootings dans de bonnes conditions, notre \u00e9quipe vous accompagne dans vos <strong>d\u00e9marches administratives, la recherche de bureaux pour la production et pour les d\u00e9cors, de parkings et logements.<\/strong><\/p><p>\u00a0<\/p>\t\t\t\t\t\t\t\t<\/div>\n\t\t\t\t<\/div>\n\t\t\t\t<div class=\"elementor-element elementor-element-9d7d27c elementor-mobile-align-center elementor-widget elementor-widget-button\" data-id=\"9d7d27c\" data-element_type=\"widget\" data-e-type=\"widget\" data-widget_type=\"button.default\">\n\t\t\t\t<div class=\"elementor-widget-container\">\n\t\t\t\t\t\t\t\t\t<div class=\"elementor-button-wrapper\">\n\t\t\t\t\t<a class=\"elementor-button elementor-button-link elementor-size-sm\" href=\"https:\/\/reperagelgm.lagrandemotte.com\/index.php\/services\">\n\t\t\t\t\t\t<span class=\"elementor-button-content-wrapper\">\n\t\t\t\t\t\t<span class=\"elementor-button-icon\">\n\t\t\t\t<i aria-hidden=\"true\" class=\"fas fa-arrow-left\"><\/i>\t\t\t<\/span>\n\t\t\t\t\t\t\t\t\t<span class=\"elementor-button-text\">D\u00e9couvrez nos services\u00a0<\/span>\n\t\t\t\t\t<\/span>\n\t\t\t\t\t<\/a>\n\t\t\t\t<\/div>\n\t\t\t\t\t\t\t\t<\/div>\n\t\t\t\t<\/div>\n\t\t\t\t\t<\/div>\n\t\t<\/div>\n\t\t\t\t\t<\/div>\n\t\t<\/section>\n\t\t\t\t<section class=\"elementor-section elementor-top-section elementor-element elementor-element-e3b9e8e elementor-section-boxed elementor-section-height-default elementor-section-height-default\" data-id=\"e3b9e8e\" data-element_type=\"section\" data-e-type=\"section\" data-settings=\"{&quot;background_background&quot;:&quot;classic&quot;}\">\n\t\t\t\t\t\t<div class=\"elementor-container elementor-column-gap-default\">\n\t\t\t\t\t<div class=\"elementor-column elementor-col-50 elementor-top-column elementor-element elementor-element-7d5f9c2\" data-id=\"7d5f9c2\" data-element_type=\"column\" data-e-type=\"column\">\n\t\t\t<div class=\"elementor-widget-wrap elementor-element-populated\">\n\t\t\t\t\t\t<div class=\"elementor-element elementor-element-aab214c elementor-widget elementor-widget-heading\" data-id=\"aab214c\" data-element_type=\"widget\" data-e-type=\"widget\" data-widget_type=\"heading.default\">\n\t\t\t\t<div class=\"elementor-widget-container\">\n\t\t\t\t\t<h2 class=\"elementor-heading-title elementor-size-default\">Ils ont tourn\u00e9 \u00e0<\/p> La Grande Motte<\/h2>\t\t\t\t<\/div>\n\t\t\t\t<\/div>\n\t\t\t\t<div class=\"elementor-element elementor-element-3b8fabd elementor-widget elementor-widget-text-editor\" data-id=\"3b8fabd\" data-element_type=\"widget\" data-e-type=\"widget\" data-widget_type=\"text-editor.default\">\n\t\t\t\t<div class=\"elementor-widget-container\">\n\t\t\t\t\t\t\t\t\tNous accueillons diff\u00e9rents types de projet de cr\u00e9ateurs,\nmarques et de\u00a0courts-m\u00e9trages.\t\t\t\t\t\t\t\t<\/div>\n\t\t\t\t<\/div>\n\t\t\t\t<div class=\"elementor-element elementor-element-ef80d53 elementor-align-right elementor-mobile-align-center elementor-widget elementor-widget-button\" data-id=\"ef80d53\" data-element_type=\"widget\" data-e-type=\"widget\" data-widget_type=\"button.default\">\n\t\t\t\t<div class=\"elementor-widget-container\">\n\t\t\t\t\t\t\t\t\t<div class=\"elementor-button-wrapper\">\n\t\t\t\t\t<a class=\"elementor-button elementor-button-link elementor-size-sm\" href=\"https:\/\/reperagelgm.lagrandemotte.com\/index.php\/inspiration\">\n\t\t\t\t\t\t<span class=\"elementor-button-content-wrapper\">\n\t\t\t\t\t\t<span class=\"elementor-button-icon\">\n\t\t\t\t<i aria-hidden=\"true\" class=\"fas fa-arrow-right\"><\/i>\t\t\t<\/span>\n\t\t\t\t\t\t\t\t\t<span class=\"elementor-button-text\">Voir plus<\/span>\n\t\t\t\t\t<\/span>\n\t\t\t\t\t<\/a>\n\t\t\t\t<\/div>\n\t\t\t\t\t\t\t\t<\/div>\n\t\t\t\t<\/div>\n\t\t\t\t\t<\/div>\n\t\t<\/div>\n\t\t\t\t<div class=\"elementor-column elementor-col-50 elementor-top-column elementor-element elementor-element-de02426\" data-id=\"de02426\" data-element_type=\"column\" data-e-type=\"column\">\n\t\t\t<div class=\"elementor-widget-wrap elementor-element-populated\">\n\t\t\t\t\t\t<div class=\"elementor-element elementor-element-b6b4f51 elementor-widget elementor-widget-image\" data-id=\"b6b4f51\" data-element_type=\"widget\" data-e-type=\"widget\" data-widget_type=\"image.default\">\n\t\t\t\t<div class=\"elementor-widget-container\">\n\t\t\t\t\t\t\t\t\t\t\t\t\t\t\t<img decoding=\"async\" width=\"1024\" height=\"677\" src=\"https:\/\/reperagelgm.lagrandemotte.com\/wp-content\/uploads\/2021\/05\/Bleu-De-Chauffe3-1024x677.png\" class=\"attachment-large size-large wp-image-305\" alt=\"\" srcset=\"https:\/\/reperagelgm.lagrandemotte.com\/wp-content\/uploads\/2021\/05\/Bleu-De-Chauffe3-1024x677.png 1024w, https:\/\/reperagelgm.lagrandemotte.com\/wp-content\/uploads\/2021\/05\/Bleu-De-Chauffe3-300x198.png 300w, https:\/\/reperagelgm.lagrandemotte.com\/wp-content\/uploads\/2021\/05\/Bleu-De-Chauffe3-768x507.png 768w, https:\/\/reperagelgm.lagrandemotte.com\/wp-content\/uploads\/2021\/05\/Bleu-De-Chauffe3-1232x814.png 1232w, https:\/\/reperagelgm.lagrandemotte.com\/wp-content\/uploads\/2021\/05\/Bleu-De-Chauffe3.png 1406w\" sizes=\"(max-width: 1024px) 100vw, 1024px\" \/>\t\t\t\t\t\t\t\t\t\t\t\t\t\t\t<\/div>\n\t\t\t\t<\/div>\n\t\t\t\t\t<\/div>\n\t\t<\/div>\n\t\t\t\t\t<\/div>\n\t\t<\/section>\n\t\t\t\t<\/div>\n\t\t","protected":false},"excerpt":{"rendered":"<p>INT\u00c9RIEUR Halls, h\u00f4tels, les vues des terrasses et les toits d\u2019immeubles, &#8230; Voir plus EXT\u00c9RIEUR B\u00e2timents, \u00e9l\u00e9ments d\u2019archi, mobiliers urbains, places, rues Voir plus ESPACES NATURELS D\u00e9couvrez nos Jardins, Plages, Espaces vert et Piscines, &#8230; Voir plus Notre catalogue D\u00e9couvrez notre catalogue t\u00e9l\u00e9chargeable en PDF Con\u00e7u pour vous permettre de visualiser le ou les lieux&nbsp;&hellip;<\/p>\n","protected":false},"author":2,"featured_media":0,"parent":0,"menu_order":0,"comment_status":"closed","ping_status":"closed","template":"","meta":{"footnotes":""},"class_list":["post-25","page","type-page","status-publish","hentry"],"_links":{"self":[{"href":"https:\/\/reperagelgm.lagrandemotte.com\/index.php\/wp-json\/wp\/v2\/pages\/25","targetHints":{"allow":["GET"]}}],"collection":[{"href":"https:\/\/reperagelgm.lagrandemotte.com\/index.php\/wp-json\/wp\/v2\/pages"}],"about":[{"href":"https:\/\/reperagelgm.lagrandemotte.com\/index.php\/wp-json\/wp\/v2\/types\/page"}],"author":[{"embeddable":true,"href":"https:\/\/reperagelgm.lagrandemotte.com\/index.php\/wp-json\/wp\/v2\/users\/2"}],"replies":[{"embeddable":true,"href":"https:\/\/reperagelgm.lagrandemotte.com\/index.php\/wp-json\/wp\/v2\/comments?post=25"}],"version-history":[{"count":307,"href":"https:\/\/reperagelgm.lagrandemotte.com\/index.php\/wp-json\/wp\/v2\/pages\/25\/revisions"}],"predecessor-version":[{"id":3228,"href":"https:\/\/reperagelgm.lagrandemotte.com\/index.php\/wp-json\/wp\/v2\/pages\/25\/revisions\/3228"}],"wp:attachment":[{"href":"https:\/\/reperagelgm.lagrandemotte.com\/index.php\/wp-json\/wp\/v2\/media?parent=25"}],"curies":[{"name":"wp","href":"https:\/\/api.w.org\/{rel}","templated":true}]}}